{"id":3338,"date":"2021-08-05T14:33:44","date_gmt":"2021-08-05T12:33:44","guid":{"rendered":"https:\/\/merch.polytan.de\/?page_id=3338"},"modified":"2022-07-26T13:56:48","modified_gmt":"2022-07-26T11:56:48","slug":"terms-and-conditions","status":"publish","type":"page","link":"https:\/\/merch.polytan.de\/en\/terms-and-conditions\/","title":{"rendered":"Terms and Conditions"},"content":{"rendered":"<p><span style=\"font-size: 18px;\"><strong>Allgemeine Gesch\u00e4ftsbedingungen und Kundeninformationen<\/strong><\/span><\/p>\n<p><span style=\"font-size: 16px;\"><strong>I. Allgemeine Gesch\u00e4ftsbedingungen<\/strong><\/span><\/p>\n<p><span style=\"font-size: 16px;\"><strong>\u00a7 1 Grundlegende Bestimmungen<\/strong><\/span><\/p>\n<p><span style=\"font-size: 14px;\"><strong>(1)<\/strong> Die nachstehenden Gesch\u00e4ftsbedingungen gelten f\u00fcr Vertr\u00e4ge, die Sie mit uns als Anbieter <strong>(<span style=\"font-size: 14px;\"><span style=\"font-size: 14px;\">Michael Walter<\/span><\/span>)<\/strong> \u00fcber die Internetseite merch.polytan.de schlie\u00dfen. Soweit nicht anders vereinbart, wird der Einbeziehung gegebenenfalls von Ihnen verwendeter eigener Bedingungen widersprochen.<\/span><\/p>\n<p><span style=\"font-size: 14px;\"><strong>(2)<\/strong> Verbraucher im Sinne der nachstehenden Regelungen ist jede nat\u00fcrliche Person, die ein Rechtsgesch\u00e4ft zu Zwecken abschlie\u00dft, die \u00fcberwiegend weder ihrer gewerblichen noch ihrer selbst\u00e4ndigen beruflichen T\u00e4tigkeit zugerechnet werden kann. Unternehmer ist jede nat\u00fcrliche oder juristische Person oder eine rechtsf\u00e4hige Personengesellschaft, die bei Abschluss eines Rechtsgesch\u00e4fts in Aus\u00fcbung ihrer selbst\u00e4ndigen beruflichen oder gewerblichen T\u00e4tigkeit handelt.<\/span><\/p>\n<p><span style=\"font-size: 16px;\"><strong>\u00a7 2 Zustandekommen des Vertrages<\/strong><\/span><\/p>\n<p><span style=\"font-size: 14px;\"><strong>(1)<\/strong> Gegenstand des Vertrages ist der Verkauf von Waren<\/span><span style=\"font-size: 14px;\"><span style=\"font-size: 14px;\"> <\/span><\/span><span style=\"font-size: 14px;\">.<\/span><\/p>\n<p><span style=\"font-size: 14px;\">Unsere Angebote im Internet sind unverbindlich und kein verbindliches Angebot zum Abschluss eines Vertrages.<\/span><\/p>\n<div><span style=\"font-size: 14px;\"><strong><span style=\"font-size: 14px;\">(2) <\/span><\/strong>Sie k\u00f6nnen ein verbindliches Kaufangebot (Bestellung) \u00fcber das Online-Warenkorbsystem abgeben.<br \/>\nDabei werden die zum Kauf beabsichtigten Waren im \u201eWarenkorb&#8221; abgelegt. \u00dcber die entsprechende Schaltfl\u00e4che in der Navigationsleiste k\u00f6nnen Sie den \u201eWarenkorb&#8221; aufrufen und dort jederzeit \u00c4nderungen vornehmen. Nach Aufrufen der Seite \u201eKasse&#8221; und der Eingabe der pers\u00f6nlichen Daten sowie der Zahlungs- und Versandbedingungen werden abschlie\u00dfend nochmals alle Bestelldaten auf der Bestell\u00fcbersichtsseite angezeigt.<\/span><\/div>\n<p><span style=\"font-size: 14px;\">Vor Absenden der Bestellung haben Sie die M\u00f6glichkeit, die Angaben in der Bestell\u00fcbersicht nochmals zu \u00fcberpr\u00fcfen, zu \u00e4ndern (auch \u00fcber die Funktion &#8220;zur\u00fcck&#8221; des Internetbrowsers) bzw. die Bestellung abzubrechen. <\/span><br \/>\n<span style=\"font-size: 14px;\">Mit dem Absenden der Bestellung \u00fcber die Schaltfl\u00e4che &#8220;<span style=\"font-size: 14px;\">kaufen<\/span>&#8221; geben Sie ein verbindliches Angebot bei uns ab.<\/span><br \/>\n<span style=\"font-size: 14px;\">Sie erhalten zun\u00e4chst eine automatische E-Mail \u00fcber den Eingang Ihrer Bestellung, die noch nicht zum Vertragsschluss f\u00fchrt.<\/span><\/p>\n<p><span style=\"font-size: 14px;\"><strong>(3)<\/strong> Die Annahme des Angebots (und damit der Vertragsabschluss) erfolgt innerhalb von 2 Tagen durch Best\u00e4tigung in Textform (z.B. E-Mail), in welcher Ihnen die Ausf\u00fchrung der Bestellung oder Auslieferung der Ware best\u00e4tigt wird (Auftragsbest\u00e4tigung). <\/span><br \/>\n<span style=\"font-size: 14px;\">Sollten Sie keine entsprechende Nachricht erhalten haben, sind Sie nicht mehr an Ihre Bestellung gebunden. Gegebenenfalls bereits erbrachte Leistungen werden in diesem Fall unverz\u00fcglich zur\u00fcckerstattet.<\/span><\/p>\n<p><span style=\"font-size: 14px;\"><strong>(4)<\/strong> Die Abwicklung der Bestellung und \u00dcbermittlung aller im Zusammenhang mit dem Vertragsschluss erforderlichen Informationen erfolgt per E-Mail zum Teil automatisiert. Sie haben deshalb sicherzustellen, dass die von Ihnen bei uns hinterlegte E-Mail-Adresse zutreffend ist, der Empfang der E-Mails technisch sichergestellt und insbesondere nicht durch SPAM-Filter verhindert wird.<\/span><\/p>\n<p><span style=\"font-size: 16px;\"><strong>\u00a7 3 Besondere Vereinbarungen zu angebotenen Zahlungsarten<\/strong><\/span><\/p>\n<p><span style=\"font-size: 14px;\"><strong>(1) Zahlung \u00fcber Klarna<\/strong><br \/>\nIn Zusammenarbeit mit <a href=\"https:\/\/www.klarna.com\/de\/\" target=\"_blank\" rel=\"noopener\">Klarna Bank AB (publ)<\/a>, Sveav\u00e4gen 46, 111 34 Stockholm, Schweden, bieten wir die folgenden Zahlungsoptionen an. Die Zahlung erfolgt jeweils an Klarna:<\/span><\/p>\n<ul>\n<li><span style=\"font-size: 14px;\"><strong>Rechnung:<\/strong> Die Zahlungsfrist betr\u00e4gt 14 Tage ab Versand der Ware\/ des Tickets\/ oder, bei sonstigen Dienstleistungen, der Zurverf\u00fcgungstellung der Dienstleistung. Die vollst\u00e4ndigen Rechnungsbedingungen f\u00fcr die L\u00e4nder in denen diese Zahlart verf\u00fcgbar ist finden Sie hier: <a href=\"https:\/\/cdn.klarna.com\/1.0\/shared\/content\/legal\/terms\/0\/de_de\/invoice\" target=\"_blank\" rel=\"noopener\">Deutschland<\/a>.<\/span><\/li>\n<\/ul>\n<ul>\n<li>\n<p dir=\"ltr\"><span style=\"font-size: 14px;\"><strong>Sofort\u00fcberweisung:<\/strong> Verf\u00fcgbar in Deutschland. Die Belastung Ihres Kontos erfolgt unmittelbar nach Abgabe der Bestellung.<\/span><\/p>\n<\/li>\n<\/ul>\n<ul>\n<li><span style=\"font-size: 14px;\"><strong>Lastschrift:<\/strong> Die Abbuchung erfolgt nach Versand der Ware. Der Zeitpunkt wird Ihnen per E-Mail mitgeteilt.<\/span><\/li>\n<\/ul>\n<p><span style=\"font-size: 14px;\">Die Nutzung der Zahlungsarten Rechnung und\/ oder Ratenkauf und\/ oder Lastschrift setzt eine positive Bonit\u00e4tspr\u00fcfung voraus. Insofern leiten wir Ihre Daten im Rahmen der Kaufanbahnung und Abwicklung des Kaufvertrages an Klarna zum Zwecke der Adress- und Bonit\u00e4tspr\u00fcfung weiter. Bitte haben Sie Verst\u00e4ndnis daf\u00fcr, dass wir Ihnen nur diejenigen Zahlarten anbieten k\u00f6nnen, die aufgrund der Ergebnisse der Bonit\u00e4tspr\u00fcfung zul\u00e4ssig sind.<\/span><\/p>\n<p dir=\"ltr\"><span style=\"font-size: 14px;\">Weitere Informationen und Klarnas Nutzungsbedingungen finden Sie <a href=\"https:\/\/cdn.klarna.com\/1.0\/shared\/content\/legal\/terms\/0\/de_de\/user\" target=\"_blank\" rel=\"noopener\">hier<\/a>. Allgemeine Informationen zu Klarna erhalten Sie <a href=\"https:\/\/www.klarna.com\/de\/\" target=\"_blank\" rel=\"noopener\">hier<\/a>. Ihre Personenangaben werden von Klarna in \u00dcbereinstimmung mit den geltenden Datenschutzbestimmungen und entsprechend den Angaben in <a href=\"https:\/\/cdn.klarna.com\/1.0\/shared\/content\/legal\/terms\/0\/de_de\/privacy\" target=\"_blank\" rel=\"noopener\">Klarnas Datenschutzbestimmungen<\/a> behandelt.<\/span><\/p>\n<p><span style=\"font-size: 14px;\">Weitere Informationen \u00fcber Klarna finden Sie <a href=\"https:\/\/www.klarna.com\/de\/smoooth-mehrzuklarna\/\" target=\"_blank\" rel=\"noopener\">hier<\/a>. Die Klarna App finden Sie <a href=\"https:\/\/www.klarna.com\/de\/klarna-app\/\" target=\"_blank\" rel=\"noopener\">hier<\/a>.<\/span><\/p>\n<p><strong><span style=\"font-size: 16px;\">\u00a7 4 Zur\u00fcckbehaltungsrecht<\/span><\/strong><strong><span style=\"font-size: 16px;\">, Eigentumsvorbehalt<\/span><\/strong><\/p>\n<p><span style=\"font-size: 14px;\"><strong>(1)<\/strong> Ein Zur\u00fcckbehaltungsrecht k\u00f6nnen Sie nur aus\u00fcben, soweit es sich um Forderungen aus demselben Vertragsverh\u00e4ltnis handelt.<\/span><\/p>\n<p><span style=\"font-size: 14px;\"><strong>(2)<\/strong>  Die Ware bleibt bis zur vollst\u00e4ndigen Zahlung des Kaufpreises unser Eigentum.<\/span><\/p>\n<p><strong><span style=\"font-size: 16px;\">\u00a7 5 Gew\u00e4hrleistung<\/span><\/strong><\/p>\n<p><span style=\"font-size: 14px;\"><strong>(1) <\/strong>Es bestehen die gesetzlichen M\u00e4ngelhaftungsrechte.<\/span><\/p>\n<p><strong><span style=\"font-size: 14px;\">(2)<\/span><\/strong><span style=\"font-size: 14px;\"> Als Verbraucher werden Sie gebeten, die Ware bei Lieferung umgehend auf Vollst\u00e4ndigkeit, offensichtliche M\u00e4ngel und Transportsch\u00e4den zu \u00fcberpr\u00fcfen und uns sowie dem Spediteur Beanstandungen schnellstm\u00f6glich mitzuteilen. Kommen Sie dem nicht nach, hat dies keine Auswirkung auf Ihre gesetzlichen Gew\u00e4hrleistungsanspr\u00fcche.<\/span><\/p>\n<p><strong><span style=\"font-size: 14px;\">(3) <\/span><\/strong><span style=\"font-size: 14px;\">Soweit ein Merkmal der Ware von den objektiven Anforderungen abweicht, gilt die Abweichung nur dann als vereinbart, wenn Sie vor Abgabe der Vertragserkl\u00e4rung durch uns \u00fcber selbige in Kenntnis gesetzt wurden und die Abweichung ausdr\u00fccklich und gesondert zwischen den Vertragsparteien vereinbart wurde.<\/span><\/p>\n<p><strong><span style=\"font-size: 16px;\">\u00a7 6 Rechtswahl, Erf\u00fcllungsort, Gerichtsstand<\/span><\/strong><\/p>\n<p><span style=\"font-size: 14px;\"><strong>(1) <\/strong> Es gilt deutsches Recht. Bei Verbrauchern gilt diese Rechtswahl nur, soweit hierdurch der durch zwingende Bestimmungen des Rechts des Staates des gew\u00f6hnlichen Aufenthaltes des Verbrauchers gew\u00e4hrte Schutz nicht entzogen wird (G\u00fcnstigkeitsprinzip).<\/span><\/p>\n<p><span style=\"font-size: 14px;\"><strong>(2)<\/strong>  Erf\u00fcllungsort f\u00fcr alle Leistungen aus den mit uns bestehenden Gesch\u00e4ftsbeziehungen sowie Gerichtsstand ist unser Sitz, soweit Sie nicht Verbraucher, sondern Kaufmann, juristische Person des \u00f6ffentlichen Rechts oder \u00f6ffentlich-rechtliches Sonderverm\u00f6gen sind. Dasselbe gilt, wenn Sie keinen allgemeinen Gerichtsstand in Deutschland oder der EU haben oder der Wohnsitz oder gew\u00f6hnliche Aufenthalt im Zeitpunkt der Klageerhebung nicht bekannt ist. Die Befugnis, auch das Gericht an einem anderen gesetzlichen Gerichtsstand anzurufen, bleibt hiervon unber\u00fchrt.<\/span><\/p>\n<p><span style=\"font-size: 14px;\"><strong>(3)<\/strong>  Die Bestimmungen des UN-Kaufrechts finden ausdr\u00fccklich keine Anwendung.<\/span><\/p>\n<p>&nbsp;<\/p>\n<hr \/>\n<p><span style=\"font-size: 14px;\"><br \/>\n<strong><span style=\"font-size: 16px;\">II. Kundeninformationen <\/span><\/strong><\/span><\/p>\n<p><span style=\"font-size: 16px;\"><strong>1. Identit\u00e4t des Verk\u00e4ufers<\/strong><\/span><\/p>\n<p><span style=\"font-size: 14px;\">Michael Walter<br \/>\nappSolution<br \/>\nWieckenberger Str. 50a<br \/>\n29323 Wietze<br \/>\nDeutschland<br \/>\nTelefon: +49 (0) 5146 3591759<br \/>\nE-Mail: info@merch.polytan.de<\/span><\/p>\n<p><span style=\"font-size: 14px;\"><strong>Alternative Streitbeilegung:<\/strong><br \/>\nDie Europ\u00e4ische Kommission stellt eine Plattform f\u00fcr die au\u00dfergerichtliche Online-Streitbeilegung (OS-Plattform) bereit, aufrufbar unter <a href=\"https:\/\/ec.europa.eu\/odr\" target=\"_blank\" rel=\"noopener\">https:\/\/ec.europa.eu\/odr<\/a>.<\/span><\/p>\n<p><strong><span style=\"font-size: 16px;\">2. Informationen zum Zustandekommen des Vertrages<\/span><\/strong><\/p>\n<p><span style=\"font-size: 14px;\">Die technischen Schritte zum Vertragsschluss, der Vertragsschluss selbst und die Korrekturm\u00f6glichkeiten erfolgen nach Ma\u00dfgabe der Regelungen &#8220;Zustandekommen des Vertrages&#8221; unserer Allgemeinen Gesch\u00e4ftsbedingungen (Teil I.).<\/span><\/p>\n<p><span style=\"font-size: 16px;\"><strong>3. Vertragssprache, Vertragstextspeicherung<\/strong><\/span><\/p>\n<p><span style=\"font-size: 14px;\">3.1. Vertragssprache ist deutsch <\/span><span style=\"font-size: 14px;\">.<\/span><\/p>\n<p><span style=\"font-size: 14px;\">3.2. Der vollst\u00e4ndige Vertragstext wird von uns nicht gespeichert. Vor Absenden der Bestellung <\/span><span style=\"font-size: 14px;\"> \u00fcber das Online &#8211; Warenkorbsystem <\/span><span style=\"font-size: 14px;\"> k\u00f6nnen die Vertragsdaten \u00fcber die Druckfunktion des Browsers ausgedruckt oder elektronisch gesichert werden. Nach Zugang der Bestellung bei uns werden die Bestelldaten, die gesetzlich vorgeschriebenen Informationen bei Fernabsatzvertr\u00e4gen und die Allgemeinen Gesch\u00e4ftsbedingungen nochmals per E-Mail an Sie \u00fcbersandt.<\/span><\/p>\n<p><span style=\"font-size: 16px;\"><strong>4. Verhaltenskodizes<\/strong><\/span><\/p>\n<p><span style=\"font-size: 14px;\">4.1. Wir haben uns den K\u00e4ufersiegel-Qualit\u00e4tskriterien der H\u00e4ndlerbund Management AG unterworfen, einsehbar unter: <a href=\"https:\/\/www.haendlerbund.de\/de\/downloads\/kaeufersiegel\/kaeufersiegel-zertifizierungskriterien.pdf\" target=\"_blank\" rel=\"noopener\" data-saferedirecturl=\"https:\/\/www.google.com\/url?q=https:\/\/www.haendlerbund.de\/de\/downloads\/kaeufersiegel\/kaeufersiegel-zertifizierungskriterien.pdf&amp;source=gmail&amp;ust=1595571225131000&amp;usg=AFQjCNFe5mk3H_qoqXPKQq9eTI32jhhuHg\">https:\/\/www.haendlerbund.de\/<wbr \/>de\/downloads\/kaeufersiegel\/<wbr \/>kaeufersiegel-<wbr \/>zertifizierungskriterien.pdf<\/a>.<\/span><\/p>\n<p><strong><span style=\"font-size: 16px;\">5. Wesentliche Merkmale der Ware oder Dienstleistung<\/span><\/strong><\/p>\n<p><span style=\"font-size: 14px;\">Die wesentlichen Merkmale der Ware und\/oder Dienstleistung finden sich im jeweiligen Angebot.<\/span><\/p>\n<p><strong><span style=\"font-size: 16px;\">6. Preise und Zahlungsmodalit\u00e4ten<\/span><\/strong><\/p>\n<p><span style=\"font-size: 14px;\">6.1. Die in den jeweiligen Angeboten angef\u00fchrten Preise sowie die Versandkosten stellen Gesamtpreise dar. Sie beinhalten alle Preisbestandteile einschlie\u00dflich aller anfallenden Steuern.<\/span><\/p>\n<p><span style=\"font-size: 14px;\">6.2. Die anfallenden Versandkosten sind nicht im Kaufpreis enthalten. Sie sind \u00fcber eine entsprechend bezeichnete Schaltfl\u00e4che auf unserer Internetpr\u00e4senz oder im jeweiligen Angebot aufrufbar, werden im Laufe des Bestellvorganges gesondert ausgewiesen und sind von Ihnen zus\u00e4tzlich zu tragen, soweit nicht die versandkostenfreie Lieferung zugesagt ist.<\/span><\/p>\n<p><span style=\"font-size: 14px;\">6.3. Erfolgt die Lieferung in L\u00e4nder au\u00dferhalb der Europ\u00e4ischen Union k\u00f6nnen von uns nicht zu vertretende weitere Kosten anfallen, wie z.B. Z\u00f6lle, Steuern oder Geld\u00fcbermittlungsgeb\u00fchren (\u00dcberweisungs- oder Wechselkursgeb\u00fchren der Kreditinstitute), die von Ihnen zu tragen sind. <\/span><\/p>\n<p><span style=\"font-size: 14px;\">6.4. <\/span><span style=\"font-size: 14px;\">Entstandene Kosten der Geld\u00fcbermittlung <\/span><span style=\"font-size: 14px;\">(\u00dcberweisungs- oder Wechselkursgeb\u00fchren der Kreditinstitute) <\/span><span style=\"font-size: 14px;\">sind von Ihnen in den F\u00e4llen zu tragen, in denen die Lieferung in einen EU-Mitgliedsstaat erfolgt, die Zahlung aber au\u00dferhalb der Europ\u00e4ischen Union veranlasst wurde.<\/span><\/p>\n<p><span style=\"font-size: 14px;\">6.5. Die Ihnen zur Verf\u00fcgung stehenden Zahlungsarten <\/span><span style=\"font-size: 14px;\">sind unter einer entsprechend bezeichneten Schaltfl\u00e4che auf unserer Internetpr\u00e4senz oder im jeweiligen Angebot ausgewiesen.<\/span><\/p>\n<p><span style=\"font-size: 14px;\">6.6. Soweit bei den einzelnen Zahlungsarten nicht anders angegeben, sind die Zahlungsanspr\u00fcche aus dem geschlossenen Vertrag sofort zur Zahlung f\u00e4llig.<\/span><\/p>\n<p><strong><span style=\"font-size: 16px;\">7. Lieferbedingungen<\/span><\/strong><\/p>\n<p><span style=\"font-size: 14px;\">7.1. Die Lieferbedingungen, der Liefertermin sowie gegebenenfalls bestehende Lieferbeschr\u00e4nkungen finden sich unter einer entsprechend bezeichneten Schaltfl\u00e4che auf unserer Internetpr\u00e4senz oder im jeweiligen Angebot.<\/span><\/p>\n<p><span style=\"font-size: 14px;\">7.2. Soweit Sie Verbraucher sind ist gesetzlich geregelt, dass die Gefahr des zuf\u00e4lligen Untergangs und der zuf\u00e4lligen Verschlechterung der verkauften Sache w\u00e4hrend der Versendung erst mit der \u00dcbergabe der Ware an Sie \u00fcbergeht, unabh\u00e4ngig davon, ob die Versendung versichert oder unversichert erfolgt. Dies gilt nicht, wenn Sie eigenst\u00e4ndig ein nicht vom Unternehmer benanntes Transportunternehmen oder eine sonst zur Ausf\u00fchrung der Versendung bestimmte Person beauftragt haben. <\/span><\/p>\n<p><strong><span style=\"font-size: 16px;\">8. Gesetzliches M\u00e4ngelhaftungsrecht <\/span><\/strong><\/p>\n<p><span style=\"font-size: 14px;\">Die M\u00e4ngelhaftung richtet sich nach der Regelung &#8220;Gew\u00e4hrleistung&#8221; in unseren Allgemeinen Gesch\u00e4ftsbedingungen (Teil I). <\/span><\/p>\n<p><span style=\"font-size: 14px;\">Diese AGB und Kundeninformationen wurden von den auf IT-Recht spezialisierten Juristen des H\u00e4ndlerbundes erstellt und werden permanent auf Rechtskonformit\u00e4t gepr\u00fcft. Die H\u00e4ndlerbund Management AG garantiert f\u00fcr die Rechtssicherheit der Texte und haftet im Falle von Abmahnungen. N\u00e4here Informationen dazu finden Sie unter: <a href=\"https:\/\/www.haendlerbund.de\/de\/leistungen\/rechtssicherheit\/agb-service\" target=\"_blank\" rel=\"noopener\" data-saferedirecturl=\"https:\/\/www.google.com\/url?q=https:\/\/www.haendlerbund.de\/de\/leistungen\/rechtssicherheit\/agb-service&amp;source=gmail&amp;ust=1595571225131000&amp;usg=AFQjCNFRXstfsBqXtZxEv0RC9XDgevh1EQ\">https:\/\/www.haendlerbund.de\/<wbr \/>de\/leistungen\/<wbr \/>rechtssicherheit\/agb-service<\/a>.<\/span><\/p>\n<p><span style=\"font-size: 14px;\">letzte Aktualisierung: <span style=\"font-size: 14px;\">26.07.2022<\/span><\/span><\/p>\n<p>&nbsp;<\/p>\n","protected":false},"excerpt":{"rendered":"<p>Allgemeine Gesch\u00e4ftsbedingungen und Kundeninformationen I. Allgemeine Gesch\u00e4ftsbedingungen \u00a7 1 Grundlegende Bestimmungen (1) Die nachstehenden Gesch\u00e4ftsbedingungen gelten f\u00fcr Vertr\u00e4ge, die Sie mit uns als Anbieter (Michael Walter) \u00fcber die Internetseite merch.polytan.de schlie\u00dfen. Soweit nicht anders vereinbart, wird der Einbeziehung gegebenenfalls von Ihnen verwendeter eigener Bedingungen widersprochen. (2) Verbraucher im Sinne der nachstehenden Regelungen ist jede nat\u00fcrliche [&hellip;]<\/p>\n","protected":false},"author":3,"featured_media":0,"parent":0,"menu_order":0,"comment_status":"closed","ping_status":"closed","template":"","meta":{"_acf_changed":false,"inline_featured_image":false,"footnotes":""},"acf":[],"_links":{"self":[{"href":"https:\/\/merch.polytan.de\/en\/wp-json\/wp\/v2\/pages\/3338"}],"collection":[{"href":"https:\/\/merch.polytan.de\/en\/wp-json\/wp\/v2\/pages"}],"about":[{"href":"https:\/\/merch.polytan.de\/en\/wp-json\/wp\/v2\/types\/page"}],"author":[{"embeddable":true,"href":"https:\/\/merch.polytan.de\/en\/wp-json\/wp\/v2\/users\/3"}],"replies":[{"embeddable":true,"href":"https:\/\/merch.polytan.de\/en\/wp-json\/wp\/v2\/comments?post=3338"}],"version-history":[{"count":9,"href":"https:\/\/merch.polytan.de\/en\/wp-json\/wp\/v2\/pages\/3338\/revisions"}],"predecessor-version":[{"id":6392,"href":"https:\/\/merch.polytan.de\/en\/wp-json\/wp\/v2\/pages\/3338\/revisions\/6392"}],"wp:attachment":[{"href":"https:\/\/merch.polytan.de\/en\/wp-json\/wp\/v2\/media?parent=3338"}],"curies":[{"name":"wp","href":"https:\/\/api.w.org\/{rel}","templated":true}]}}