{"id":3344,"date":"2021-08-05T15:00:45","date_gmt":"2021-08-05T13:00:45","guid":{"rendered":"https:\/\/merch.polytan.de\/?page_id=3344"},"modified":"2022-07-26T13:58:13","modified_gmt":"2022-07-26T11:58:13","slug":"imprint","status":"publish","type":"page","link":"https:\/\/merch.polytan.de\/en\/imprint\/","title":{"rendered":"Imprint"},"content":{"rendered":"<p><span style=\"font-size: 14px;\"><strong><span style=\"font-size: 16px;\">Impressum<\/span><\/strong><\/span><\/p>\n<p><strong><span style=\"font-size: 14px;\"><span style=\"font-size: 16px;\"><span style=\"font-size: 12px;\">Gesetzliche Anbieterkennung:<\/span><\/span><\/span><\/strong><\/p>\n<p><span style=\"font-size: 14px;\">Michael Walter<br \/>\nappSolution<br \/>\nWieckenberger Str. 50a<br \/>\n29323 Wietze<br \/>\nDeutschland<\/span><br \/>\n<span style=\"font-size: 14px;\">Telefon: +49 (0) 5146 3591759<\/span><br \/>\n<span style=\"font-size: 14px;\">E-Mail: <\/span><span style=\"font-size: 14px;\">info@merch.polytan.de<br \/>\nUSt-IdNr.: DE318497912<\/span><\/p>\n<p>&nbsp;<\/p>\n<p><span style=\"font-size: 14px;\"><strong>Alternative Streitbeilegung:<\/strong><br \/>\nDie Europ\u00e4ische Kommission stellt eine Plattform f\u00fcr die au\u00dfergerichtliche Online-Streitbeilegung (OS-Plattform) bereit, aufrufbar unter <\/span><a style=\"font-size: 14px;\" href=\"https:\/\/ec.europa.eu\/consumers\/odr\" target=\"_blank\" rel=\"noopener\">https:\/\/ec.europa.eu\/odr<\/a><span style=\"font-size: 14px;\">.<\/span><\/p>\n<p><span style=\"font-size: 14px;\"><strong>Wir sind seit <\/strong><\/span><span style=\"font-size: 14px;\"><strong>25.01.2022 <\/strong><\/span><span style=\"font-size: 14px;\"><strong>Mitglied der Initiative &#8220;FairCommerce&#8221;.<\/strong><br \/>\nN\u00e4here Informationen hierzu finden Sie unter <a href=\"https:\/\/www.haendlerbund.de\/de\/haendlerbund\/interessenvertretung\/faircommerce\" target=\"_blank\" rel=\"noopener\">www.haendlerbund.de\/faircommerce<\/a>.<\/span><\/p>\n","protected":false},"excerpt":{"rendered":"<p>Impressum Gesetzliche Anbieterkennung: Michael Walter appSolution Wieckenberger Str. 50a 29323 Wietze Deutschland Telefon: +49 (0) 5146 3591759 E-Mail: info@merch.polytan.de USt-IdNr.: DE318497912 &nbsp; Alternative Streitbeilegung: Die Europ\u00e4ische Kommission stellt eine Plattform f\u00fcr die au\u00dfergerichtliche Online-Streitbeilegung (OS-Plattform) bereit, aufrufbar unter https:\/\/ec.europa.eu\/odr. Wir sind seit 25.01.2022 Mitglied der Initiative &#8220;FairCommerce&#8221;. N\u00e4here Informationen hierzu finden Sie unter www.haendlerbund.de\/faircommerce.<\/p>\n","protected":false},"author":3,"featured_media":0,"parent":0,"menu_order":0,"comment_status":"closed","ping_status":"closed","template":"","meta":{"_acf_changed":false,"inline_featured_image":false,"footnotes":""},"acf":[],"_links":{"self":[{"href":"https:\/\/merch.polytan.de\/en\/wp-json\/wp\/v2\/pages\/3344"}],"collection":[{"href":"https:\/\/merch.polytan.de\/en\/wp-json\/wp\/v2\/pages"}],"about":[{"href":"https:\/\/merch.polytan.de\/en\/wp-json\/wp\/v2\/types\/page"}],"author":[{"embeddable":true,"href":"https:\/\/merch.polytan.de\/en\/wp-json\/wp\/v2\/users\/3"}],"replies":[{"embeddable":true,"href":"https:\/\/merch.polytan.de\/en\/wp-json\/wp\/v2\/comments?post=3344"}],"version-history":[{"count":7,"href":"https:\/\/merch.polytan.de\/en\/wp-json\/wp\/v2\/pages\/3344\/revisions"}],"predecessor-version":[{"id":6393,"href":"https:\/\/merch.polytan.de\/en\/wp-json\/wp\/v2\/pages\/3344\/revisions\/6393"}],"wp:attachment":[{"href":"https:\/\/merch.polytan.de\/en\/wp-json\/wp\/v2\/media?parent=3344"}],"curies":[{"name":"wp","href":"https:\/\/api.w.org\/{rel}","templated":true}]}}